{"id":137,"date":"2018-04-14T12:27:02","date_gmt":"2018-04-14T10:27:02","guid":{"rendered":"http:\/\/havelschule.de\/?page_id=137"},"modified":"2021-11-13T22:21:16","modified_gmt":"2021-11-13T21:21:16","slug":"ueber-uns","status":"publish","type":"page","link":"https:\/\/havelschule.de\/?page_id=137","title":{"rendered":"\u00dcber uns"},"content":{"rendered":"<div id=\"pl-137\"  class=\"panel-layout\" ><div id=\"pg-137-0\"  class=\"panel-grid panel-no-style\" ><div id=\"pgc-137-0-0\"  class=\"panel-grid-cell panel-grid-cell-empty\" ><\/div><\/div><div id=\"pg-137-1\"  class=\"panel-grid panel-no-style\" ><div id=\"pgc-137-1-0\"  class=\"panel-grid-cell\" ><div id=\"panel-137-1-0-0\" class=\"so-panel widget widget_sow-editor panel-first-child panel-last-child\" data-index=\"0\" ><div\n\t\t\t\n\t\t\tclass=\"so-widget-sow-editor so-widget-sow-editor-base\"\n\t\t\t\n\t\t><h3 class=\"widget-title\">Wir sind Havelsch\u00fcler!<\/h3>\n<div class=\"siteorigin-widget-tinymce textwidget\">\n\t<p><img loading=\"lazy\" decoding=\"async\" class=\"alignright size-medium wp-image-1373\" src=\"https:\/\/havelschule.de\/wp-content\/uploads\/2019\/01\/Frosch-NEU-274x300.png\" alt=\"\" width=\"274\" height=\"300\" \/>Das klingt stolz und zeigt viel von dem, was an unserer Schule gelebt wird. Hier wird gro\u00dfer Wert auf ein Miteinander gelegt, bei Lehrern, Hortnern, Sch\u00fclern, aber auch in der Zusammenarbeit mit den Eltern. Das gelebte \"Wir-Gef\u00fchl\" hei\u00dft auch, dass wir niemanden zur\u00fccklassen wollen, egal wo er herkommt oder welches Handicap er hat.<\/p>\n<p>Gemeinsam sind wir stark! Gemeinsam schaffen wir alles! Diese Botschaft \u00fcbermittelt auch unser Maskottchen, der Havelfrosch \"Quaki\"<\/p>\n<p>Wir sind Havelsch\u00fcler! - dies gilt auch f\u00fcr unser Engagement f\u00fcr die Umwelt, besonders f\u00fcr eine saubere Havel. Auch daf\u00fcr steht Quaki.<\/p>\n<p>Schau einmal bei uns vorbei, du wirst auf unserer Homepage Vieles von dem sehen, was du eben gelesen hast.<\/p>\n<\/div>\n<\/div><\/div><\/div><\/div><div id=\"pg-137-2\"  class=\"panel-grid panel-no-style\" ><div id=\"pgc-137-2-0\"  class=\"panel-grid-cell\" ><div id=\"panel-137-2-0-0\" class=\"so-panel widget widget_sow-editor panel-first-child\" data-index=\"1\" ><div\n\t\t\t\n\t\t\tclass=\"so-widget-sow-editor so-widget-sow-editor-base\"\n\t\t\t\n\t\t><h3 class=\"widget-title\">Kontakt<\/h3>\n<div class=\"siteorigin-widget-tinymce textwidget\">\n\t<div class=\"siteorigin-widget-tinymce textwidget\">&nbsp;<\/div>\n<\/div>\n<\/div><\/div><div id=\"panel-137-2-0-1\" class=\"so-panel widget widget_sow-editor panel-last-child\" data-index=\"2\" ><div\n\t\t\t\n\t\t\tclass=\"so-widget-sow-editor so-widget-sow-editor-base\"\n\t\t\t\n\t\t>\n<div class=\"siteorigin-widget-tinymce textwidget\">\n\t<p>Havelschule Oranienburg<\/p>\n<p>Albert-Buchmann-Str. 11<br \/>16515 Oranienburg<\/p>\n<p>Tel.: 03301 \/ 58 20 02<br \/>Fax.: 03301 \/ 20 89 53<\/p>\n<p>Mail:<br \/><a href=\"mailto:info@havelschule.de\">info@havelschule.de<\/a><\/p>\n<\/div>\n<\/div><\/div><\/div><div id=\"pgc-137-2-1\"  class=\"panel-grid-cell\" ><div id=\"panel-137-2-1-0\" class=\"so-panel widget widget_sow-google-map panel-first-child panel-last-child\" data-index=\"3\" ><div\n\t\t\t\n\t\t\tclass=\"so-widget-sow-google-map so-widget-sow-google-map-default-aeb7c968231d-137\"\n\t\t\t\n\t\t>\n<div class=\"sow-google-map-canvas\"\n\tstyle=\"\"\n\tid=\"map-canvas-5eee142cd04e5eb4d90aa0abb59f477d\"\n\tdata-options=\"{&quot;address&quot;:&quot;Albert-Buchmann-Str. 11, 16515 Oranienburg&quot;,&quot;zoom&quot;:13,&quot;mobileZoom&quot;:13,&quot;gestureHandling&quot;:&quot;greedy&quot;,&quot;disableUi&quot;:false,&quot;markerIcon&quot;:false,&quot;markersDraggable&quot;:false,&quot;markerAtCenter&quot;:true,&quot;markerInfoDisplay&quot;:&quot;click&quot;,&quot;markerInfoMultiple&quot;:true,&quot;markerPositions&quot;:false,&quot;mapName&quot;:false,&quot;mapStyles&quot;:false,&quot;directions&quot;:&quot;&quot;,&quot;apiKey&quot;:&quot;AIzaSyDFUm8LG7QEkLfKnGlwPGIfpo6sDCsmThY&quot;,&quot;breakpoint&quot;:780,&quot;id&quot;:&quot;69fc96&quot;}\"\n\tdata-fallback-image=\"{&quot;img&quot;:&quot;&quot;}\"><\/div>\n<\/div><\/div><\/div><\/div><\/div>","protected":false},"excerpt":{"rendered":"","protected":false},"author":1,"featured_media":0,"parent":0,"menu_order":0,"comment_status":"closed","ping_status":"closed","template":"","meta":{"footnotes":""},"class_list":["post-137","page","type-page","status-publish","hentry"],"_links":{"self":[{"href":"https:\/\/havelschule.de\/index.php?rest_route=\/wp\/v2\/pages\/137","targetHints":{"allow":["GET"]}}],"collection":[{"href":"https:\/\/havelschule.de\/index.php?rest_route=\/wp\/v2\/pages"}],"about":[{"href":"https:\/\/havelschule.de\/index.php?rest_route=\/wp\/v2\/types\/page"}],"author":[{"embeddable":true,"href":"https:\/\/havelschule.de\/index.php?rest_route=\/wp\/v2\/users\/1"}],"replies":[{"embeddable":true,"href":"https:\/\/havelschule.de\/index.php?rest_route=%2Fwp%2Fv2%2Fcomments&post=137"}],"version-history":[{"count":93,"href":"https:\/\/havelschule.de\/index.php?rest_route=\/wp\/v2\/pages\/137\/revisions"}],"predecessor-version":[{"id":4561,"href":"https:\/\/havelschule.de\/index.php?rest_route=\/wp\/v2\/pages\/137\/revisions\/4561"}],"wp:attachment":[{"href":"https:\/\/havelschule.de\/index.php?rest_route=%2Fwp%2Fv2%2Fmedia&parent=137"}],"curies":[{"name":"wp","href":"https:\/\/api.w.org\/{rel}","templated":true}]}}