{"id":207,"date":"2018-04-15T10:30:46","date_gmt":"2018-04-15T08:30:46","guid":{"rendered":"http:\/\/havelschule.de\/?page_id=207"},"modified":"2025-11-10T22:12:12","modified_gmt":"2025-11-10T21:12:12","slug":"foerderverein","status":"publish","type":"page","link":"https:\/\/havelschule.de\/?page_id=207","title":{"rendered":"F\u00f6rderverein"},"content":{"rendered":"<div id=\"pl-207\" class=\"panel-layout\">\n<div id=\"pg-207-0\" class=\"panel-grid panel-no-style\" data-style=\"{&quot;background_image_attachment&quot;:false,&quot;background_display&quot;:&quot;tile&quot;,&quot;cell_alignment&quot;:&quot;flex-start&quot;}\" data-ratio=\"1\" data-ratio-direction=\"right\">\n<div id=\"pgc-207-0-0\" class=\"panel-grid-cell\" data-weight=\"1\">\n<div id=\"panel-207-0-0-0\" class=\"so-panel widget widget_media_image panel-first-child panel-last-child\" data-index=\"0\" data-style=\"{&quot;background_image_attachment&quot;:false,&quot;background_display&quot;:&quot;tile&quot;}\"><b style=\"font-size: 1rem;\"><a href=\"https:\/\/havelschule.de\/wp-content\/uploads\/2024\/06\/Firderverein-Havelschule_B1.jpg\" data-rel=\"lightbox-image-0\" data-rl_title=\"\" data-rl_caption=\"\" title=\"\"><img loading=\"lazy\" decoding=\"async\" class=\"aligncenter wp-image-7199 size-large\" src=\"https:\/\/havelschule.de\/wp-content\/uploads\/2024\/06\/Firderverein-Havelschule_B1-e1718998111820-1024x162.jpg\" alt=\"\" width=\"840\" height=\"133\" srcset=\"https:\/\/havelschule.de\/wp-content\/uploads\/2024\/06\/Firderverein-Havelschule_B1-e1718998111820-1024x162.jpg 1024w, https:\/\/havelschule.de\/wp-content\/uploads\/2024\/06\/Firderverein-Havelschule_B1-e1718998111820-300x47.jpg 300w, https:\/\/havelschule.de\/wp-content\/uploads\/2024\/06\/Firderverein-Havelschule_B1-e1718998111820-768x121.jpg 768w, https:\/\/havelschule.de\/wp-content\/uploads\/2024\/06\/Firderverein-Havelschule_B1-e1718998111820-1536x242.jpg 1536w, https:\/\/havelschule.de\/wp-content\/uploads\/2024\/06\/Firderverein-Havelschule_B1-e1718998111820.jpg 1780w\" sizes=\"auto, (max-width: 840px) 100vw, 840px\" \/><\/a>Der \u201eF\u00f6rderverein Havelschule Oranienburg e.V.\u201c<br \/>\n<\/b><b style=\"font-size: 1rem;\">Das Wohl der Kinder zu f\u00f6rdern \u2013 ist eine sch\u00f6ne Aufgabe.<\/b><\/div>\n<\/div>\n<\/div>\n<div id=\"pg-207-1\" class=\"panel-grid panel-no-style\" data-style=\"{&quot;background_image_attachment&quot;:false,&quot;background_display&quot;:&quot;tile&quot;,&quot;cell_alignment&quot;:&quot;flex-start&quot;}\" data-ratio=\"1\" data-ratio-direction=\"right\">\n<div id=\"pgc-207-1-0\" class=\"panel-grid-cell\" data-weight=\"1\">\n<div id=\"panel-207-1-0-0\" class=\"so-panel widget widget_sow-editor panel-first-child panel-last-child\" data-index=\"1\" data-style=\"{&quot;background_image_attachment&quot;:false,&quot;background_display&quot;:&quot;tile&quot;}\">\n<div class=\"so-widget-sow-editor so-widget-sow-editor-base\">\n<div class=\"siteorigin-widget-tinymce textwidget\">\n<p class=\"p3\"><span class=\"s1\">Sch\u00f6n, dass Sie unsere Internetseite besuchen und sich f\u00fcr unsere T\u00e4tigkeit interessieren \u2013 wir hei\u00dfen Sie herzlich Willkommen!<\/span><\/p>\n<p class=\"p3\"><span class=\"s1\">Unser F\u00f6rderverein, gegr\u00fcndet von engagierten Eltern, Lehrern und Freunden der Havelschule, unterst\u00fctzt seit 1995 die Grundschule in vielf\u00e4ltiger Art und Weise. Wir helfen im Wesentlichen:<img loading=\"lazy\" decoding=\"async\" class=\"alignright size-medium wp-image-998\" src=\"https:\/\/havelschule.de\/wp-content\/uploads\/2018\/08\/Einschulung-2202-e1534704724811-225x300.jpg\" alt=\"\" width=\"225\" height=\"300\" \/><br \/>\n<\/span><\/p>\n<ul>\n<li class=\"p3\"><span class=\"s1\">bei der F\u00f6rderung der p\u00e4dagogischen Arbeit an der Schule<br \/>\n<\/span><\/li>\n<li class=\"p3\"><span class=\"s1\">bei der Durchf\u00fchrung und Mitgestaltung von Schulveranstaltungen <\/span><\/li>\n<li class=\"p3\"><span class=\"s1\">durch finanzielle Unterst\u00fctzung von Projekten<\/span><\/li>\n<li class=\"p3\"><span class=\"s1\">durch F\u00f6rderung von au\u00dferschulischen Aktionen<\/span><\/li>\n<\/ul>\n<p class=\"p3\"><span class=\"s1\">Wir sind selbstlos t\u00e4tig und sehen unser Ziel darin, die Havelschule bei der Erf\u00fcllung ihres Bildungsauftrages zu unterst\u00fctzen und dar\u00fcber hinaus zus\u00e4tzliche Bildungsangebote zu erm\u00f6glichen.<\/span><\/p>\n<p class=\"p3\"><span class=\"s1\">Der Vorstand mit seinen Beisitzern trifft sich regelm\u00e4\u00dfig zur F\u00fchrung der laufenden Gesch\u00e4fte. Wie jeder andere Verein auch, lebt unser F\u00f6rderverein vom Mitmachen vieler. Um unsere Aktivit\u00e4ten ausbauen zu k\u00f6nnen, freuen wir uns \u00fcber jedes neue Mitglied. Somit kann jeder Einzelne dazu beitragen, dass unsere Kinder eine tolle Grundschulzeit erleben.<\/span><\/p>\n<p class=\"p3\"><span class=\"s1\">Neues Vereinsmitglied zu werden ist nicht schwer \u2013 nutzen Sie bitte unsere <a href=\"https:\/\/havelschule.de\/wp-content\/uploads\/2021\/08\/Beitrittserklaerung.pdf\" target=\"_blank\" rel=\"noopener\">Beitrittserkl\u00e4rung (Download)<\/a>. <\/span><\/p>\n<p><a href=\"https:\/\/havelschule.de\/wp-content\/uploads\/2022\/07\/Flyer-2022-Druckdatei.pdf\" target=\"_blank\" rel=\"noopener\">Flyer F\u00f6rderverein (Download)<\/a><\/p>\n<p><a href=\"https:\/\/havelschule.de\/wp-content\/uploads\/2021\/08\/Satzung_Foerderverein.pdf\" target=\"_blank\" rel=\"noopener\">Satzung F\u00f6rderverein (Download)<\/a><\/p>\n<p class=\"p3\"><span class=\"s1\">Der Mitgliedsbeitrag betr\u00e4gt 10,00 EUR pro Jahr, aber auch gerne mehr.<\/span><\/p>\n<p class=\"p3\"><span class=\"s1\"><img loading=\"lazy\" decoding=\"async\" class=\"alignright size-medium wp-image-999\" src=\"https:\/\/havelschule.de\/wp-content\/uploads\/2018\/08\/Einschulung-2018-e1534704712745-225x300.jpg\" alt=\"\" width=\"225\" height=\"300\" \/>Wir laden Sie ein, durch Ihre Anregungen und Ideen, durch Ihre Aktivit\u00e4t, durch Ihr Anpacken oder Ihrer finanziellen Unterst\u00fctzung beziehungsweise Spende das Schulleben unserer Schule zu bereichern. Lassen Sie uns gemeinsam eine \u201elebendige\u201c Schule, unsere \u201eHavelschule\u201c gestalten<br \/>\n<\/span><\/p>\n<p class=\"p3\"><span class=\"s1\">Unsere Bankverbindung \u2013 auch f\u00fcr Mitgliedsbeitr\u00e4ge &#8211; lautet: <\/span><\/p>\n<p class=\"p3\"><span class=\"s1\">F\u00f6rderverein Havelschule e.V.<br \/>\n<\/span><span class=\"s1\">IBAN: DE85 8306 5408 0004 0552 50<br \/>\n<\/span><span class=\"s1\">BIC: GENODEF1SLR<\/span><\/p>\n<p class=\"p3\"><span class=\"s1\">Als gemeinn\u00fctziger Verein stellen wir Ihnen auch gerne eine Spendenbescheinigung aus.<br \/>\n<\/span><\/p>\n<p class=\"p3\"><span class=\"s1\">Ihre Fragen, Anregungen, W\u00fcnsche aber auch konstruktive Kritik nehmen wir gerne pers\u00f6nlich oder \u00fcber die Kontaktm\u00f6glichkeiten der Havelschule entgegen.<\/span><\/p>\n<p class=\"p3\"><span class=\"s1\">Wir freuen uns auf eine gute Zusammenarbeit.<\/span><\/p>\n<p class=\"p3\"><span class=\"s1\">Der Vorstand<\/span><\/p>\n<p>&nbsp;<\/p>\n<hr \/>\n<p><strong>Protokolle zum Download<\/strong><\/p>\n<p><a href=\"https:\/\/havelschule.de\/wp-content\/uploads\/2025\/11\/Protokoll-Mitgliederversammlung-16.10.2025-5.pdf\" target=\"_blank\" rel=\"noopener\">Mitgliederversammlung vom 16.10.2025<\/a><\/p>\n<\/div>\n<\/div>\n<\/div>\n<\/div>\n<\/div>\n<\/div>\n","protected":false},"excerpt":{"rendered":"","protected":false},"author":1,"featured_media":0,"parent":0,"menu_order":0,"comment_status":"closed","ping_status":"closed","template":"","meta":{"footnotes":""},"class_list":["post-207","page","type-page","status-publish","hentry"],"_links":{"self":[{"href":"https:\/\/havelschule.de\/index.php?rest_route=\/wp\/v2\/pages\/207","targetHints":{"allow":["GET"]}}],"collection":[{"href":"https:\/\/havelschule.de\/index.php?rest_route=\/wp\/v2\/pages"}],"about":[{"href":"https:\/\/havelschule.de\/index.php?rest_route=\/wp\/v2\/types\/page"}],"author":[{"embeddable":true,"href":"https:\/\/havelschule.de\/index.php?rest_route=\/wp\/v2\/users\/1"}],"replies":[{"embeddable":true,"href":"https:\/\/havelschule.de\/index.php?rest_route=%2Fwp%2Fv2%2Fcomments&post=207"}],"version-history":[{"count":24,"href":"https:\/\/havelschule.de\/index.php?rest_route=\/wp\/v2\/pages\/207\/revisions"}],"predecessor-version":[{"id":8192,"href":"https:\/\/havelschule.de\/index.php?rest_route=\/wp\/v2\/pages\/207\/revisions\/8192"}],"wp:attachment":[{"href":"https:\/\/havelschule.de\/index.php?rest_route=%2Fwp%2Fv2%2Fmedia&parent=207"}],"curies":[{"name":"wp","href":"https:\/\/api.w.org\/{rel}","templated":true}]}}