{"id":4548,"date":"2021-11-13T22:19:31","date_gmt":"2021-11-13T21:19:31","guid":{"rendered":"https:\/\/havelschule.de\/?page_id=4548"},"modified":"2025-01-31T19:49:50","modified_gmt":"2025-01-31T18:49:50","slug":"die-hausmeister","status":"publish","type":"page","link":"https:\/\/havelschule.de\/?page_id=4548","title":{"rendered":"Die Hausmeister"},"content":{"rendered":"<div id=\"pl-4548\"  class=\"panel-layout\" ><div id=\"pg-4548-0\"  class=\"panel-grid panel-no-style\" ><div id=\"pgc-4548-0-0\"  class=\"panel-grid-cell panel-grid-cell-empty\" ><\/div><\/div><div id=\"pg-4548-1\"  class=\"panel-grid panel-no-style\" ><div id=\"pgc-4548-1-0\"  class=\"panel-grid-cell\" ><div id=\"panel-4548-1-0-0\" class=\"so-panel widget widget_media_image panel-first-child panel-last-child\" data-index=\"0\" ><h3 class=\"widget-title\">Herr L\u00fcderitz<\/h3><img loading=\"lazy\" decoding=\"async\" width=\"200\" height=\"300\" src=\"https:\/\/havelschule.de\/wp-content\/uploads\/2025\/01\/Marc-200x300.jpg\" class=\"image wp-image-7501  attachment-medium size-medium\" alt=\"\" style=\"max-width: 100%; height: auto;\" srcset=\"https:\/\/havelschule.de\/wp-content\/uploads\/2025\/01\/Marc-200x300.jpg 200w, https:\/\/havelschule.de\/wp-content\/uploads\/2025\/01\/Marc-682x1024.jpg 682w, https:\/\/havelschule.de\/wp-content\/uploads\/2025\/01\/Marc-768x1152.jpg 768w, https:\/\/havelschule.de\/wp-content\/uploads\/2025\/01\/Marc.jpg 853w\" sizes=\"auto, (max-width: 200px) 100vw, 200px\" \/><\/div><\/div><div id=\"pgc-4548-1-1\"  class=\"panel-grid-cell\" ><div id=\"panel-4548-1-1-0\" class=\"so-panel widget widget_media_image panel-first-child panel-last-child\" data-index=\"1\" ><h3 class=\"widget-title\">Herr Dawid<\/h3><img loading=\"lazy\" decoding=\"async\" width=\"200\" height=\"300\" src=\"https:\/\/havelschule.de\/wp-content\/uploads\/2021\/09\/Foto-Shooting-HSO-4-200x300.jpg\" class=\"image wp-image-4150  attachment-medium size-medium\" alt=\"\" style=\"max-width: 100%; height: auto;\" srcset=\"https:\/\/havelschule.de\/wp-content\/uploads\/2021\/09\/Foto-Shooting-HSO-4-200x300.jpg 200w, https:\/\/havelschule.de\/wp-content\/uploads\/2021\/09\/Foto-Shooting-HSO-4-683x1024.jpg 683w, https:\/\/havelschule.de\/wp-content\/uploads\/2021\/09\/Foto-Shooting-HSO-4-768x1152.jpg 768w, https:\/\/havelschule.de\/wp-content\/uploads\/2021\/09\/Foto-Shooting-HSO-4.jpg 800w\" sizes=\"auto, (max-width: 200px) 100vw, 200px\" \/><\/div><\/div><\/div><div id=\"pg-4548-2\"  class=\"panel-grid panel-no-style\" ><div id=\"pgc-4548-2-0\"  class=\"panel-grid-cell\" ><div id=\"panel-4548-2-0-0\" class=\"so-panel widget widget_sow-editor panel-first-child panel-last-child\" data-index=\"2\" ><div\n\t\t\t\n\t\t\tclass=\"so-widget-sow-editor so-widget-sow-editor-base\"\n\t\t\t\n\t\t>\n<div class=\"siteorigin-widget-tinymce textwidget\">\n\t<p>Herr L\u00fcderitz und Herr Dawid sind die beiden guten Seelen der Havelschule. Sie sind nicht nur die Ersten im Geb\u00e4ude und k\u00fcmmern sich jeden Morgen darum, dass die Havelsch\u00fclerinnen und Havelsch\u00fcler einen sauberen, gepflegten und sicheren Schulaufenthalt genie\u00dfen k\u00f6nnen, sondern halten den Laden sprichw\u00f6rtlich zusammen. Frei nach dem Spruch: \"Was nicht passt, wird passend gemacht!\" arbeiten sie \"Baustelle\" f\u00fcr \"Baustelle\" ab und sorgen f\u00fcr ein L\u00e4cheln bei allen Beteiligten.<\/p>\n<\/div>\n<\/div><\/div><\/div><\/div><\/div>","protected":false},"excerpt":{"rendered":"","protected":false},"author":1,"featured_media":0,"parent":0,"menu_order":0,"comment_status":"closed","ping_status":"closed","template":"","meta":{"footnotes":""},"class_list":["post-4548","page","type-page","status-publish","hentry"],"_links":{"self":[{"href":"https:\/\/havelschule.de\/index.php?rest_route=\/wp\/v2\/pages\/4548","targetHints":{"allow":["GET"]}}],"collection":[{"href":"https:\/\/havelschule.de\/index.php?rest_route=\/wp\/v2\/pages"}],"about":[{"href":"https:\/\/havelschule.de\/index.php?rest_route=\/wp\/v2\/types\/page"}],"author":[{"embeddable":true,"href":"https:\/\/havelschule.de\/index.php?rest_route=\/wp\/v2\/users\/1"}],"replies":[{"embeddable":true,"href":"https:\/\/havelschule.de\/index.php?rest_route=%2Fwp%2Fv2%2Fcomments&post=4548"}],"version-history":[{"count":8,"href":"https:\/\/havelschule.de\/index.php?rest_route=\/wp\/v2\/pages\/4548\/revisions"}],"predecessor-version":[{"id":7503,"href":"https:\/\/havelschule.de\/index.php?rest_route=\/wp\/v2\/pages\/4548\/revisions\/7503"}],"wp:attachment":[{"href":"https:\/\/havelschule.de\/index.php?rest_route=%2Fwp%2Fv2%2Fmedia&parent=4548"}],"curies":[{"name":"wp","href":"https:\/\/api.w.org\/{rel}","templated":true}]}}