{"id":5330,"date":"2022-03-30T22:10:49","date_gmt":"2022-03-30T20:10:49","guid":{"rendered":"https:\/\/havelschule.de\/?page_id=5330"},"modified":"2025-11-10T22:29:19","modified_gmt":"2025-11-10T21:29:19","slug":"unser-elternsprecher","status":"publish","type":"page","link":"https:\/\/havelschule.de\/?page_id=5330","title":{"rendered":"Die Elternvertretung"},"content":{"rendered":"<div id=\"pl-5330\"  class=\"panel-layout\" ><div id=\"pg-5330-0\"  class=\"panel-grid panel-no-style\" ><div id=\"pgc-5330-0-0\"  class=\"panel-grid-cell panel-grid-cell-empty\" ><\/div><\/div><div id=\"pg-5330-1\"  class=\"panel-grid panel-no-style\" ><div id=\"pgc-5330-1-0\"  class=\"panel-grid-cell\" ><div id=\"panel-5330-1-0-0\" class=\"so-panel widget widget_media_image panel-first-child panel-last-child\" data-index=\"0\" ><h3 class=\"widget-title\">Frau Fernholz<\/h3><img loading=\"lazy\" decoding=\"async\" width=\"300\" height=\"300\" src=\"https:\/\/havelschule.de\/wp-content\/uploads\/2021\/11\/key-g412b98d26_1920-300x300.jpg\" class=\"image wp-image-4549  attachment-medium size-medium\" alt=\"\" style=\"max-width: 100%; height: auto;\" srcset=\"https:\/\/havelschule.de\/wp-content\/uploads\/2021\/11\/key-g412b98d26_1920-300x300.jpg 300w, https:\/\/havelschule.de\/wp-content\/uploads\/2021\/11\/key-g412b98d26_1920-1024x1024.jpg 1024w, https:\/\/havelschule.de\/wp-content\/uploads\/2021\/11\/key-g412b98d26_1920-150x150.jpg 150w, https:\/\/havelschule.de\/wp-content\/uploads\/2021\/11\/key-g412b98d26_1920-768x768.jpg 768w, https:\/\/havelschule.de\/wp-content\/uploads\/2021\/11\/key-g412b98d26_1920-1536x1536.jpg 1536w, https:\/\/havelschule.de\/wp-content\/uploads\/2021\/11\/key-g412b98d26_1920-80x80.jpg 80w, https:\/\/havelschule.de\/wp-content\/uploads\/2021\/11\/key-g412b98d26_1920.jpg 1920w\" sizes=\"auto, (max-width: 300px) 100vw, 300px\" \/><\/div><\/div><div id=\"pgc-5330-1-1\"  class=\"panel-grid-cell\" ><div id=\"panel-5330-1-1-0\" class=\"so-panel widget widget_media_image panel-first-child panel-last-child\" data-index=\"1\" ><h3 class=\"widget-title\">Herr Stange-G\u00e4rtig (stellv.)<\/h3><img loading=\"lazy\" decoding=\"async\" width=\"300\" height=\"300\" src=\"https:\/\/havelschule.de\/wp-content\/uploads\/2021\/11\/key-g412b98d26_1920-300x300.jpg\" class=\"image wp-image-4549  attachment-medium size-medium\" alt=\"\" style=\"max-width: 100%; height: auto;\" srcset=\"https:\/\/havelschule.de\/wp-content\/uploads\/2021\/11\/key-g412b98d26_1920-300x300.jpg 300w, https:\/\/havelschule.de\/wp-content\/uploads\/2021\/11\/key-g412b98d26_1920-1024x1024.jpg 1024w, https:\/\/havelschule.de\/wp-content\/uploads\/2021\/11\/key-g412b98d26_1920-150x150.jpg 150w, https:\/\/havelschule.de\/wp-content\/uploads\/2021\/11\/key-g412b98d26_1920-768x768.jpg 768w, https:\/\/havelschule.de\/wp-content\/uploads\/2021\/11\/key-g412b98d26_1920-1536x1536.jpg 1536w, https:\/\/havelschule.de\/wp-content\/uploads\/2021\/11\/key-g412b98d26_1920-80x80.jpg 80w, https:\/\/havelschule.de\/wp-content\/uploads\/2021\/11\/key-g412b98d26_1920.jpg 1920w\" sizes=\"auto, (max-width: 300px) 100vw, 300px\" \/><\/div><\/div><\/div><div id=\"pg-5330-2\"  class=\"panel-grid panel-no-style\" ><div id=\"pgc-5330-2-0\"  class=\"panel-grid-cell\" ><div id=\"panel-5330-2-0-0\" class=\"so-panel widget widget_sow-editor panel-first-child panel-last-child\" data-index=\"2\" ><div\n\t\t\t\n\t\t\tclass=\"so-widget-sow-editor so-widget-sow-editor-base\"\n\t\t\t\n\t\t>\n<div class=\"siteorigin-widget-tinymce textwidget\">\n\t<p>Der Schulelternsprecher ist Vorsitzender der Elternkonferenz, die genauso wie die Lehrer-, Sch\u00fcler- und Schulkonferenz zu den wichtigen Mitwirkungsgremien der Havelschule geh\u00f6rt. Dort werden Ideen gesammelt, Probleme besprochen, offen kommuniziert und nach L\u00f6sungen gesucht. In enger Zusammenarbeit mit der Stellvertreterin gestaltet der Schulelternsprecher die Geschicke der Schule von Seiten der Eltern mit.<\/p>\n<\/div>\n<\/div><\/div><\/div><\/div><\/div>","protected":false},"excerpt":{"rendered":"","protected":false},"author":1,"featured_media":0,"parent":0,"menu_order":0,"comment_status":"closed","ping_status":"closed","template":"","meta":{"_uag_custom_page_level_css":"","footnotes":""},"class_list":["post-5330","page","type-page","status-publish","hentry"],"uagb_featured_image_src":{"full":false,"thumbnail":false,"medium":false,"medium_large":false,"large":false,"1536x1536":false,"2048x2048":false,"post-thumbnail":false,"worldstar-header-image":false,"worldstar-thumbnail-small":false,"tzwb-thumbnail":false,"sow-carousel-default":false},"uagb_author_info":{"display_name":"admin","author_link":"https:\/\/havelschule.de\/?author=1"},"uagb_comment_info":0,"uagb_excerpt":null,"_links":{"self":[{"href":"https:\/\/havelschule.de\/index.php?rest_route=\/wp\/v2\/pages\/5330","targetHints":{"allow":["GET"]}}],"collection":[{"href":"https:\/\/havelschule.de\/index.php?rest_route=\/wp\/v2\/pages"}],"about":[{"href":"https:\/\/havelschule.de\/index.php?rest_route=\/wp\/v2\/types\/page"}],"author":[{"embeddable":true,"href":"https:\/\/havelschule.de\/index.php?rest_route=\/wp\/v2\/users\/1"}],"replies":[{"embeddable":true,"href":"https:\/\/havelschule.de\/index.php?rest_route=%2Fwp%2Fv2%2Fcomments&post=5330"}],"version-history":[{"count":14,"href":"https:\/\/havelschule.de\/index.php?rest_route=\/wp\/v2\/pages\/5330\/revisions"}],"predecessor-version":[{"id":8193,"href":"https:\/\/havelschule.de\/index.php?rest_route=\/wp\/v2\/pages\/5330\/revisions\/8193"}],"wp:attachment":[{"href":"https:\/\/havelschule.de\/index.php?rest_route=%2Fwp%2Fv2%2Fmedia&parent=5330"}],"curies":[{"name":"wp","href":"https:\/\/api.w.org\/{rel}","templated":true}]}}