{"id":7642,"date":"2025-05-16T16:48:24","date_gmt":"2025-05-16T14:48:24","guid":{"rendered":"https:\/\/havelschule.de\/?page_id=7642"},"modified":"2025-05-18T12:04:42","modified_gmt":"2025-05-18T10:04:42","slug":"nachhaltige-schule","status":"publish","type":"page","link":"https:\/\/havelschule.de\/?page_id=7642","title":{"rendered":"Unsere Umweltarbeit"},"content":{"rendered":"<h2 class=\"\" data-start=\"84\" data-end=\"123\">Unsere Umwelt \u2013 Unsere Verantwortung<\/h2>\n<p class=\"\" data-start=\"125\" data-end=\"224\">Willkommen auf der neuen Seite rund um <strong data-start=\"164\" data-end=\"199\">Klimaschutz, Energie und Umwelt<\/strong> an der Havelschule! &#x1f30d;&#x1f331;<\/p>\n<p class=\"\" data-start=\"226\" data-end=\"529\">Hier entsteht in K\u00fcrze ein spannender Einblick in unsere zahlreichen Projekte und Aktionen, mit denen wir als Schule Verantwortung f\u00fcr unsere Zukunft \u00fcbernehmen. Gemeinsam mit unseren Sch\u00fclerinnen und Sch\u00fclern setzen wir Zeichen f\u00fcr Nachhaltigkeit und Umweltschutz \u2013 kreativ, engagiert und wirkungsvoll.<\/p>\n<p class=\"\" data-start=\"531\" data-end=\"546\">Freut euch auf:<\/p>\n<ul data-start=\"547\" data-end=\"1004\">\n<li class=\"\" data-start=\"547\" data-end=\"628\">\n<p class=\"\" data-start=\"549\" data-end=\"628\">unseren <strong data-start=\"557\" data-end=\"572\">Klimadienst<\/strong>, der darauf achtet, dass wir keine Energie verschwenden<\/p>\n<\/li>\n<li class=\"\" data-start=\"629\" data-end=\"706\">\n<p class=\"\" data-start=\"631\" data-end=\"706\">den mitrei\u00dfenden <strong data-start=\"648\" data-end=\"660\">Klimarap<\/strong>, der zeigt, wie cool Umweltschutz sein kann<\/p>\n<\/li>\n<li class=\"\" data-start=\"707\" data-end=\"777\">\n<p class=\"\" data-start=\"709\" data-end=\"777\">spannende <strong data-start=\"719\" data-end=\"736\">Klimaprojekte<\/strong> aus dem Unterricht und dem Schulalltag<\/p>\n<\/li>\n<li class=\"\" data-start=\"778\" data-end=\"844\">\n<p class=\"\" data-start=\"780\" data-end=\"844\">echte Ma\u00dfnahmen zur <strong data-start=\"800\" data-end=\"816\">M\u00fclltrennung<\/strong> und <strong data-start=\"821\" data-end=\"842\">Energieeinsparung<\/strong><\/p>\n<\/li>\n<li class=\"\" data-start=\"845\" data-end=\"944\">\n<p class=\"\" data-start=\"847\" data-end=\"944\">unsere gr\u00fcnen Oasen: <strong data-start=\"868\" data-end=\"883\">Schulgarten<\/strong>, <strong data-start=\"885\" data-end=\"903\">Streuobstwiese<\/strong>, <strong data-start=\"905\" data-end=\"920\">Bienenwiese<\/strong> und <strong data-start=\"925\" data-end=\"942\">Kr\u00e4utergarten<\/strong><\/p>\n<\/li>\n<li class=\"\" data-start=\"945\" data-end=\"1004\">\n<p class=\"\" data-start=\"947\" data-end=\"1004\">viele Ideen, wie <strong data-start=\"964\" data-end=\"998\">jeder Einzelne etwas bewirken<\/strong> kann!<\/p>\n<\/li>\n<\/ul>\n<p class=\"\" data-start=\"1006\" data-end=\"1141\">Noch ist die Seite leer \u2013 aber nicht mehr lange! Bald findet ihr hier Texte, Bilder, Interviews und Videos rund um unsere Umweltarbeit.<\/p>\n<p class=\"\" data-start=\"1143\" data-end=\"1197\">&#x1f4cc; <strong data-start=\"1146\" data-end=\"1197\">Dranbleiben lohnt sich \u2013 wir gestalten Zukunft!<\/strong><\/p>\n","protected":false},"excerpt":{"rendered":"","protected":false},"author":1,"featured_media":7651,"parent":0,"menu_order":0,"comment_status":"closed","ping_status":"closed","template":"","meta":{"_uag_custom_page_level_css":"","footnotes":""},"class_list":["post-7642","page","type-page","status-publish","has-post-thumbnail","hentry"],"uagb_featured_image_src":{"full":["https:\/\/havelschule.de\/wp-content\/uploads\/2025\/05\/ChatGPT-Image-18.-Mai-2025-12_04_21.png",1536,1024,false],"thumbnail":["https:\/\/havelschule.de\/wp-content\/uploads\/2025\/05\/ChatGPT-Image-18.-Mai-2025-12_04_21-150x150.png",150,150,true],"medium":["https:\/\/havelschule.de\/wp-content\/uploads\/2025\/05\/ChatGPT-Image-18.-Mai-2025-12_04_21-300x200.png",300,200,true],"medium_large":["https:\/\/havelschule.de\/wp-content\/uploads\/2025\/05\/ChatGPT-Image-18.-Mai-2025-12_04_21-768x512.png",768,512,true],"large":["https:\/\/havelschule.de\/wp-content\/uploads\/2025\/05\/ChatGPT-Image-18.-Mai-2025-12_04_21-1024x683.png",840,560,true],"1536x1536":["https:\/\/havelschule.de\/wp-content\/uploads\/2025\/05\/ChatGPT-Image-18.-Mai-2025-12_04_21.png",1536,1024,false],"2048x2048":["https:\/\/havelschule.de\/wp-content\/uploads\/2025\/05\/ChatGPT-Image-18.-Mai-2025-12_04_21.png",1536,1024,false],"post-thumbnail":["https:\/\/havelschule.de\/wp-content\/uploads\/2025\/05\/ChatGPT-Image-18.-Mai-2025-12_04_21-840x480.png",840,480,true],"worldstar-header-image":["https:\/\/havelschule.de\/wp-content\/uploads\/2025\/05\/ChatGPT-Image-18.-Mai-2025-12_04_21-1260x420.png",1260,420,true],"worldstar-thumbnail-small":["https:\/\/havelschule.de\/wp-content\/uploads\/2025\/05\/ChatGPT-Image-18.-Mai-2025-12_04_21-120x80.png",120,80,true],"tzwb-thumbnail":["https:\/\/havelschule.de\/wp-content\/uploads\/2025\/05\/ChatGPT-Image-18.-Mai-2025-12_04_21-80x80.png",80,80,true],"sow-carousel-default":["https:\/\/havelschule.de\/wp-content\/uploads\/2025\/05\/ChatGPT-Image-18.-Mai-2025-12_04_21-272x182.png",272,182,true]},"uagb_author_info":{"display_name":"admin","author_link":"https:\/\/havelschule.de\/?author=1"},"uagb_comment_info":0,"uagb_excerpt":null,"_links":{"self":[{"href":"https:\/\/havelschule.de\/index.php?rest_route=\/wp\/v2\/pages\/7642","targetHints":{"allow":["GET"]}}],"collection":[{"href":"https:\/\/havelschule.de\/index.php?rest_route=\/wp\/v2\/pages"}],"about":[{"href":"https:\/\/havelschule.de\/index.php?rest_route=\/wp\/v2\/types\/page"}],"author":[{"embeddable":true,"href":"https:\/\/havelschule.de\/index.php?rest_route=\/wp\/v2\/users\/1"}],"replies":[{"embeddable":true,"href":"https:\/\/havelschule.de\/index.php?rest_route=%2Fwp%2Fv2%2Fcomments&post=7642"}],"version-history":[{"count":3,"href":"https:\/\/havelschule.de\/index.php?rest_route=\/wp\/v2\/pages\/7642\/revisions"}],"predecessor-version":[{"id":7648,"href":"https:\/\/havelschule.de\/index.php?rest_route=\/wp\/v2\/pages\/7642\/revisions\/7648"}],"wp:featuredmedia":[{"embeddable":true,"href":"https:\/\/havelschule.de\/index.php?rest_route=\/wp\/v2\/media\/7651"}],"wp:attachment":[{"href":"https:\/\/havelschule.de\/index.php?rest_route=%2Fwp%2Fv2%2Fmedia&parent=7642"}],"curies":[{"name":"wp","href":"https:\/\/api.w.org\/{rel}","templated":true}]}}